{"id":39,"date":"2017-08-14T11:37:23","date_gmt":"2017-08-14T11:37:23","guid":{"rendered":"https:\/\/nfremser.com\/index.php\/amenities\/"},"modified":"2022-10-23T12:28:46","modified_gmt":"2022-10-23T17:28:46","slug":"amenities","status":"publish","type":"page","link":"https:\/\/nfremser.com\/index.php\/amenities\/","title":{"rendered":"Amenities"},"content":{"rendered":"\n\n\t<h1>\n\t\t\t\t\tServicios\n\t\t\t\t<\/h1>\n\t\t\t<p>Nuestros servicios est\u00e1n dise\u00f1ados para adaptarse a sus necesidades.<\/p>\n\t<h3>\n\t\t\t\t\tConsultoria\n\t\t\t\t<\/h3>\n\t\t\t<p>En <b>NF Remote Services, <\/b>nuestro mayor objetivo con nuestros servicios de consultor\u00eda, es que su organizaci\u00f3n alcance una innovaci\u00f3n tecnol\u00f3gica a trav\u00e9s de las mejores pr\u00e1cticas y experiencia.<\/p>\n\t<h3>\n\t\t\t\t\tConsultoria T\u00e9cnica\n\t\t\t\t<\/h3>\n\t\t\t<p>Instalaciones, migraciones, upgrade e integraciones<\/p>\n\t<h3>\n\t\t\t\t\tInfraestructura\n\t\t\t\t<\/h3>\n\t\t\t<p>Oracle Cloud, On Premisse<\/p>\n\t<h3>\n\t\t\t\t\tOracle E-Business Suite\n\t\t\t\t<\/h3>\n\t\t\t<p>Topolog\u00edas avanzadas para Oracle E-Business Suite 12.1 y 12.2<\/p>\n\t<h3>\n\t\t\t\t\tLo Que tenemos para Usted\n\t\t\t\t<\/h3>\n\t\t\t<p>Disponemos de diversos servicios con tecnolog\u00eda ORACLE que permiten fortalecer las ventajas competitivas de nuestros clientes conformando equipos de tecnolog\u00eda emergentes y eficientes.<\/p>\n\t<ul>\n\t\t<li>\t\t\t\t\n\t\t<h3>Sistemas Operativos<\/h3><p>Instalaci\u00f3n, migraci\u00f3n, gesti\u00f3n y actualizaci\u00f3n de Linux, Unix y Windows.\u00a0<\/p><\/li>\t<\/ul>\n\t<ul>\n\t\t<li>\t\t\t\t\n\t\t<h3>Oracle E-Business Suite<\/h3><p>Instalaci\u00f3n, migraci\u00f3n y actualizaci\u00f3n de Oracle E-Business Suite versiones 12.1 y 12.2<\/p><\/li>\t<\/ul>\n\t<ul>\n\t\t<li>\t\t\t\t\n\t\t<h3>Soporte<\/h3><p>Planes de Soporte a medida. Asistencia integrada,\u00a0 remota y on site. Emergencias 24&#215;7<\/p><\/li>\t<\/ul>\n\t<ul>\n\t\t<li>\t\t\t\t\n\t\t<h3>Base de Datos<\/h3><p>Instalaci\u00f3n, dise\u00f1o, administraci\u00f3n, migraci\u00f3n, seguridad y respaldos en 12c y 19c.\u00a0<\/p><\/li>\t<\/ul>\n\t<ul>\n\t\t<li>\t\t\t\t\n\t\t<h3>Infraestructura<\/h3><p>Dise\u00f1o de arquitectura On Premise y Cloud. Dimensionamiento. Aprovisionamiento. Virtualizaci\u00f3n.<\/p><\/li>\t<\/ul>\n\t<ul>\n\t\t<li>\t\t\t\t\n\t\t<h3>Porta de Tickets<\/h3><p>Solicitud de soporte a trav\u00e9s de tickets de atenci\u00f3n. Creaci\u00f3n autom\u00e1tica desde e-mail.<\/p><\/li>\t<\/ul>\n\t<ul>\n\t\t<li>\t\t\t\t\n\t\t<h3>Base de Datos &#8211; Avanzado<\/h3><p>Real Application Clouster (RAC). Oracle Data Guard. Gesti\u00f3n de bases de datos multitanet.\u00a0<\/p><\/li>\t<\/ul>\n\t<ul>\n\t\t<li>\t\t\t\t\n\t\t<h3>Desarrollo<\/h3><p>Desarrollos en Oracle Forms, Oracle Reports, PL\/SQL, Java, XML Publisher, Oracle APEX y Oracle Workflow.<\/p><\/li>\t<\/ul>\n\t<ul>\n\t\t<li>\t\t\t\t\n\t\t<h3>Oracle Cloud<\/h3><p>Migraciones a Oracle Cloud. Arquitecto de infraestructura. Provisionamiento de recursos.<\/p><\/li>\t<\/ul>\n\n","protected":false},"excerpt":{"rendered":"<p>Servicios Nuestros servicios est\u00e1n dise\u00f1ados para adaptarse a sus necesidades. Consultoria En NF Remote Services, nuestro mayor objetivo con nuestros servicios de consultor\u00eda, es que su organizaci\u00f3n alcance una innovaci\u00f3n tecnol\u00f3gica a trav\u00e9s de las mejores pr\u00e1cticas y experiencia. Consultoria T\u00e9cnica Instalaciones, migraciones, upgrade e integraciones Infraestructura Oracle Cloud, On Premisse Oracle E-Business Suite Topolog\u00edas &hellip;<\/p>\n<p class=\"read-more\"> <a class=\"\" href=\"https:\/\/nfremser.com\/index.php\/amenities\/\"> <span class=\"screen-reader-text\">Amenities<\/span> Read More &raquo;<\/a><\/p>\n","protected":false},"author":1,"featured_media":0,"parent":0,"menu_order":0,"comment_status":"closed","ping_status":"closed","template":"","meta":{"site-sidebar-layout":"no-sidebar","site-content-layout":"page-builder","ast-global-header-display":"","ast-main-header-display":"","ast-hfb-above-header-display":"","ast-hfb-below-header-display":"","ast-hfb-mobile-header-display":"","site-post-title":"disabled","ast-breadcrumbs-content":"","ast-featured-img":"disabled","footer-sml-layout":"","theme-transparent-header-meta":"","adv-header-id-meta":"","stick-header-meta":"","header-above-stick-meta":"","header-main-stick-meta":"","header-below-stick-meta":"","footnotes":""},"class_list":["post-39","page","type-page","status-publish","hentry"],"_links":{"self":[{"href":"https:\/\/nfremser.com\/index.php\/wp-json\/wp\/v2\/pages\/39","targetHints":{"allow":["GET"]}}],"collection":[{"href":"https:\/\/nfremser.com\/index.php\/wp-json\/wp\/v2\/pages"}],"about":[{"href":"https:\/\/nfremser.com\/index.php\/wp-json\/wp\/v2\/types\/page"}],"author":[{"embeddable":true,"href":"https:\/\/nfremser.com\/index.php\/wp-json\/wp\/v2\/users\/1"}],"replies":[{"embeddable":true,"href":"https:\/\/nfremser.com\/index.php\/wp-json\/wp\/v2\/comments?post=39"}],"version-history":[{"count":8,"href":"https:\/\/nfremser.com\/index.php\/wp-json\/wp\/v2\/pages\/39\/revisions"}],"predecessor-version":[{"id":574,"href":"https:\/\/nfremser.com\/index.php\/wp-json\/wp\/v2\/pages\/39\/revisions\/574"}],"wp:attachment":[{"href":"https:\/\/nfremser.com\/index.php\/wp-json\/wp\/v2\/media?parent=39"}],"curies":[{"name":"wp","href":"https:\/\/api.w.org\/{rel}","templated":true}]}}