{"id":374,"date":"2017-08-14T06:51:40","date_gmt":"2017-08-14T06:51:40","guid":{"rendered":"https:\/\/nfremser.com\/index.php\/home\/"},"modified":"2025-04-01T13:56:38","modified_gmt":"2025-04-01T18:56:38","slug":"home","status":"publish","type":"page","link":"https:\/\/nfremser.com\/","title":{"rendered":"Home"},"content":{"rendered":"\n\n\t<h1>\n\t\t\t\t\t<a href=\"https:\/\/nfremser.com\" title=\"NF REMOTE SERVICES\" target=\"_self\">\n\t\t\t\t\t\tNF REMOTE SERVICES\n\t\t\t\t\t\t<\/a>\n\t\t\t<\/h1>\n\t\t\t<h6>\u00bfPreparados para la innovaci\u00f3n tecnol\u00f3gica?<\/h6>\n<p>Hoy en d\u00eda, la innovaci\u00f3n tecnol\u00f3gica se ha convertido en una tarea cr\u00edtica, las compa\u00f1\u00edas deben estar preparadas para adaptarse r\u00e1pidamente a nuevas tecnolog\u00edas e implementar entornos tecnol\u00f3gicos estables que garantizan una alta disponibilidad y la continuidad\u00a0de las operaciones del negocio.<\/p>\n<p>Contamos con un staff de profesionales que trabajaran junto a usted para el establecimiento e implementaci\u00f3n de las soluciones tecnol\u00f3gicas que su compa\u00f1\u00eda requiere.<\/p>\n\t\t\t<a href=\"https:\/\/nfremser.com\/index.php\/contact\/\" target=\"_self\"  role=\"button\">\n\t\t\t\t\t\tContactenos\n\t\t<\/a>\n\t\t\t\t<img decoding=\"async\" src=\"http:\/\/nfremser.com\/wp-content\/uploads\/2022\/09\/freefik_02-512K-1024x683.jpg\" alt=\"Portrait of confident business partners looking at camera with smiling leader in front\" itemprop=\"image\"\/>\n\t<h3>\n\t\t\t\t\tConsultoria Tecnica en ORACLE\n\t\t\t\t<\/h3>\n\t\t\t<p>Nuestro staff de consultores especialidados,\u00a0lo guiar\u00e1n en la evaluaci\u00f3n, planificaci\u00f3n, implementaci\u00f3n y actualizaci\u00f3n de sus entornos con tecnolog\u00eda Oracle.<\/p>\n<p>\u00a0<\/p>\n<p>Este servicio recolecta y analiza detalles de sus implementaciones y presenta \u00e1reas de riesgo y estrategias de soluci\u00f3n basadas en las mejores pr\u00e1cticas del sector.<\/p>\n\t\t\t<a href=\"#\" target=\"_self\"  role=\"button\">\n\t\t\t\t\t\tConozca m\u00e1s\n\t\t<\/a>\n\t<h3>\n\t\t\t\t\tADMINISTRACION DE BASE DE DATOS ORACLE\n\t\t\t\t<\/h3>\n\t\t\t<p>Nuestro servicio de administraci\u00f3n de bases de datos integra todas las actividades que permiten asegurar la integridad y disponiblidad de la informacion de su organizaci\u00f3n.<\/p>\n<p>Nuestros DBAs, estan preparados para hacerse cargo de todas las tareas de administraci\u00f3n de la base de datos y aportar su experiencia para brindarle un valor agregado al servicio.<\/p>\n\t\t\t<a href=\"#\" target=\"_self\"  role=\"button\">\n\t\t\t\t\t\tConozca Mas\n\t\t<\/a>\n\t\t\t\t<img decoding=\"async\" src=\"http:\/\/nfremser.com\/wp-content\/uploads\/2022\/09\/StockSnap_01-1024x683.jpg\" alt=\"StockSnap_01\" itemprop=\"image\"\/>\n\t\t\t\t<img decoding=\"async\" src=\"http:\/\/nfremser.com\/wp-content\/uploads\/2022\/09\/3004979-1024k-1024x796.jpg\" alt=\"3004979-1024k\" itemprop=\"image\"\/>\n\t<h3>\n\t\t\t\t\tACTUALIZACION TECNOLOGICA\n\t\t\t\t<\/h3>\n\t\t\t<p>Nuestro servicio le permitira actualizar las componentes tecnol\u00f3gicas de Oracle a las versiones mas recientes y adoptar nuevas tecnolog\u00edas Oracle, que le den un mayor impulso a su organizaci\u00f3n.<\/p>\n\t\t\t<a href=\"#\" target=\"_self\"  role=\"button\">\n\t\t\t\t\t\tConozca Mas\n\t\t<\/a>\n\t\t\t\t<img decoding=\"async\" src=\"http:\/\/nfremser.com\/wp-content\/uploads\/2022\/09\/NFRENSER_LOGO_BLACK_SMALL.png\" alt=\"NFRENSER_LOGO_BLACK_SMALL\" itemprop=\"image\" title=\"NFRENSER_LOGO_BLACK_SMALL\" onerror=\"this.style.display='none'\"  \/>\n\t<h3>\n\t\t\t\t\tSoporte TECNICO\u00a0\n\t\t\t\t<\/h3>\n\t<p><strong>NF Remote Services<\/strong> (NFREMSER) dispone de diferentes niveles de soporte t\u00e9cnico especializado en ambientes con tecnolog\u00eda Oracle (SLA). Sabemos que la agilidad en la soluci\u00f3n de problemas es crucial para su organizaci\u00f3n, es por este raz\u00f3n que nuestros t\u00e9cnicos basados en la experiencia de casos similares y el contacto directo con Oracle Support, le\u00a0 proporcionar\u00e1n en el menor tiempo posible, la soluci\u00f3n correcta.<\/p>\n<p>Enfoquese en sus actividades principales y deje que sus plataformas tecnol\u00f3gicas sean administradas por expertos.<\/p>\n\t\t\t<a href=\"#\" target=\"_self\"  role=\"button\">\n\t\t\t\t\t\tConozca Mas\n\t\t<\/a>\n\t<p>Base de Datos<\/p>\n\t<p>Instalaciones<\/p>\n\t<p>Oracle Cloud<\/p>\n\t<p>Tickets Apps<\/p>\n\t<p>Emergencias 24&#215;7<\/p>\n\t<h3>\n\t\t\t\t\tServicios Avanzados\n\t\t\t\t<\/h3>\n\t\t\t<p><strong>NF Remote Services<\/strong> (NFREMSER) pone a disposici\u00f3n nuestro servicios de consultor\u00eda avanzados:<\/p>\n\t\t\t\t<img decoding=\"async\" src=\"http:\/\/nfremser.com\/wp-content\/uploads\/2022\/09\/NFRENSER_LOGO_SMALL.png\" alt=\"NFRENSER_LOGO_SMALL\" itemprop=\"image\" title=\"NFRENSER_LOGO_SMALL\" onerror=\"this.style.display='none'\"  \/>\n\t\t\t\t<img decoding=\"async\" src=\"http:\/\/nfremser.com\/wp-content\/uploads\/2022\/09\/oracle-cloud-512K.jpg\" alt=\"oracle-cloud-512K\" itemprop=\"image\"\/>\n\t<p><strong>Migracion de Oracle E-Business Suite R12 a Oracle Cloud<\/strong><\/p>\n<p>Existen numerosas razones para migrar a la nube: mayor agilidad comercial, menores costos operativos y mayor eficiencia.<\/p>\n<p>Su compa\u00f1ia puede obtener estos beneficios al pasar de Oracle E-Business Suite a Oracle Cloud Infrastructure (OCI). Al migrar a Oracle Cloud, tendr\u00e1n acceso a toda la pila de tecnolog\u00eda de Oracle en la nube, tal como lo hicieron en las implementaciones locales, junto con algunos beneficios adicionales.<\/p>\n<p>&nbsp;<\/p>\n\t<p><strong>Dise\u00f1o de Arquitectura en Oracle Cloud<\/strong><\/p>\n<p><strong>NF Remote Services<\/strong>, le ofrece un staff de consultores especializados en el dise\u00f1o de arquitectura de Infraestructura sobre Oracle Cloud.<\/p>\n<p>Un buen dise\u00f1o de infraestructura, ayudar\u00e1n en su proceso de adoptar Oracle Cloud, definir estrategias s\u00f3lidas en la nube, a planificar una migraci\u00f3n correcta de la carga de trabajo y a garantizar una gesti\u00f3n completa de los entornos en la nube.<\/p>\n\t\t\t\t<img decoding=\"async\" src=\"http:\/\/nfremser.com\/wp-content\/uploads\/2022\/09\/OCI-1.png\" alt=\"OCI\" itemprop=\"image\"\/>\n\t\t\t\t<img decoding=\"async\" src=\"http:\/\/nfremser.com\/wp-content\/uploads\/2022\/09\/upgrade_EBS12.2-512K.jpg\" alt=\"upgrade_EBS12.2-512K\" itemprop=\"image\"\/>\n\t<p><strong>Upgrade de Oracle E-Business Suite a R12.2<\/strong><\/p>\n<p>La actualizaci\u00f3n t\u00e9cnica de Oracle E-Business Suite entrega un sistema R12.2 en funcionamiento que refleja el procesamiento transaccional anterior sin la transformaci\u00f3n de los procesos comerciales.<\/p>\n<p><strong>NF Remote Services<\/strong>, ofrece una actualizaci\u00f3n t\u00e9cnica de EBS a un precio fijo y est\u00e1 pensada para aquellas empresas que buscan una actualizaci\u00f3n r\u00e1pida y directa a Oracle R12.2 en el menor tiempo posible.<\/p>\n\t\t\t<a href=\"https:\/\/nfremser.com\/index.php\/contact\/\" target=\"_self\"  role=\"button\">\n\t\t\t\t\t\tContactenos\n\t\t<\/a>\n\n","protected":false},"excerpt":{"rendered":"<p>NF REMOTE SERVICES \u00bfPreparados para la innovaci\u00f3n tecnol\u00f3gica? Hoy en d\u00eda, la innovaci\u00f3n tecnol\u00f3gica se ha convertido en una tarea cr\u00edtica, las compa\u00f1\u00edas deben estar preparadas para adaptarse r\u00e1pidamente a nuevas tecnolog\u00edas e implementar entornos tecnol\u00f3gicos estables que garantizan una alta disponibilidad y la continuidad\u00a0de las operaciones del negocio. Contamos con un staff de profesionales &hellip;<\/p>\n<p class=\"read-more\"> <a class=\"\" href=\"https:\/\/nfremser.com\/\"> <span class=\"screen-reader-text\">Home<\/span> Read More &raquo;<\/a><\/p>\n","protected":false},"author":1,"featured_media":0,"parent":0,"menu_order":0,"comment_status":"closed","ping_status":"open","template":"","meta":{"site-sidebar-layout":"no-sidebar","site-content-layout":"page-builder","ast-global-header-display":"","ast-main-header-display":"","ast-hfb-above-header-display":"","ast-hfb-below-header-display":"","ast-hfb-mobile-header-display":"","site-post-title":"disabled","ast-breadcrumbs-content":"","ast-featured-img":"disabled","footer-sml-layout":"","theme-transparent-header-meta":"","adv-header-id-meta":"","stick-header-meta":"","header-above-stick-meta":"","header-main-stick-meta":"","header-below-stick-meta":"","footnotes":""},"class_list":["post-374","page","type-page","status-publish","hentry"],"_links":{"self":[{"href":"https:\/\/nfremser.com\/index.php\/wp-json\/wp\/v2\/pages\/374","targetHints":{"allow":["GET"]}}],"collection":[{"href":"https:\/\/nfremser.com\/index.php\/wp-json\/wp\/v2\/pages"}],"about":[{"href":"https:\/\/nfremser.com\/index.php\/wp-json\/wp\/v2\/types\/page"}],"author":[{"embeddable":true,"href":"https:\/\/nfremser.com\/index.php\/wp-json\/wp\/v2\/users\/1"}],"replies":[{"embeddable":true,"href":"https:\/\/nfremser.com\/index.php\/wp-json\/wp\/v2\/comments?post=374"}],"version-history":[{"count":37,"href":"https:\/\/nfremser.com\/index.php\/wp-json\/wp\/v2\/pages\/374\/revisions"}],"predecessor-version":[{"id":580,"href":"https:\/\/nfremser.com\/index.php\/wp-json\/wp\/v2\/pages\/374\/revisions\/580"}],"wp:attachment":[{"href":"https:\/\/nfremser.com\/index.php\/wp-json\/wp\/v2\/media?parent=374"}],"curies":[{"name":"wp","href":"https:\/\/api.w.org\/{rel}","templated":true}]}}