{"id":37,"date":"2017-08-14T11:37:08","date_gmt":"2017-08-14T11:37:08","guid":{"rendered":"https:\/\/nfremser.com\/index.php\/about-us\/"},"modified":"2022-10-23T12:06:23","modified_gmt":"2022-10-23T17:06:23","slug":"about-us","status":"publish","type":"page","link":"https:\/\/nfremser.com\/index.php\/about-us\/","title":{"rendered":"About Us"},"content":{"rendered":"\n\n\t<h1>\n\t\t\t\t\tNosotros\n\t\t\t\t<\/h1>\n\t\t\t<p>Tecnolog\u00eda &amp; Talento<\/p>\n\t\t\t\t<img decoding=\"async\" src=\"http:\/\/nfremser.com\/wp-content\/uploads\/2022\/09\/NFRENSER_LOGO_SMALL.png\" alt=\"NFRENSER_LOGO_SMALL\" itemprop=\"image\" title=\"NFRENSER_LOGO_SMALL\" onerror=\"this.style.display='none'\"  \/>\n\t<h3>\n\t\t\t\t\tQui\u00e9nes Somos\n\t\t\t\t<\/h3>\n\t\t\t<p><strong>NF Remote Services<\/strong> es una empresa de consultor\u00eda de sistemas, establecida en Per\u00fa. Ofrecemos soluciones en sistemas de informaci\u00f3n con tecnolog\u00eda Oracle.<\/p>\n<p>\u00a0<\/p>\n<p>Diferentes empresas nacionales e internacionales han confiado en nuestra experiencia para completar con \u00e9xito sus proyectos de innovaci\u00f3n tecnol\u00f3gica.<\/p>\n\t\t\t<a href=\"https:\/\/nfremser.com\/index.php\/contact\/\" target=\"_self\" role=\"button\" rel=\"noopener\">\n\t\t\t\t\t\tContactenos\n\t\t<\/a>\n\t\t\t\t<img decoding=\"async\" src=\"http:\/\/nfremser.com\/wp-content\/uploads\/2017\/09\/left-free-img.jpg\" alt=\"analytics\" itemprop=\"image\"\/>\n\t\t\t\t<img decoding=\"async\" src=\"http:\/\/nfremser.com\/wp-content\/uploads\/2017\/09\/right-free-img.jpg\" alt=\"girl working\" itemprop=\"image\"\/>\n\t\t\t\t<img decoding=\"async\" src=\"http:\/\/nfremser.com\/wp-content\/uploads\/2019\/11\/conference-room.jpg\" alt=\"conference-room\" itemprop=\"image\"\/>\n\t<h3>\n\t\t\t\t\tGente que confia en nosotros\n\t\t\t\t<\/h3>\n\t\t\t<p>Nuestros clientes y socios de negocios<\/p>\n\t\t\t\t<img decoding=\"async\" src=\"http:\/\/nfremser.com\/wp-content\/uploads\/2022\/10\/America_logo-150x150.png\" alt=\"America_logo\" itemprop=\"image\"\/>\n\t\t\t\t<img decoding=\"async\" src=\"http:\/\/nfremser.com\/wp-content\/uploads\/2022\/10\/Navaxia_logo.jpg\" alt=\"Navaxia_logo\" itemprop=\"image\"\/>\n\t\t\t\t<img decoding=\"async\" src=\"http:\/\/nfremser.com\/wp-content\/uploads\/2022\/10\/Cervecera_log-150x150.png\" alt=\"Cervecera_log\" itemprop=\"image\"\/>\n\t\t\t\t<img decoding=\"async\" src=\"http:\/\/nfremser.com\/wp-content\/uploads\/2022\/10\/GSG_Logo-150x127.jpg\" alt=\"GSG_Logo\" itemprop=\"image\"\/>\n\t\t\t\t<img decoding=\"async\" src=\"http:\/\/nfremser.com\/wp-content\/uploads\/2022\/10\/BCRD-150x150.jpg\" alt=\"BCRD\" itemprop=\"image\"\/>\n\t\t\t\t<img decoding=\"async\" src=\"http:\/\/nfremser.com\/wp-content\/uploads\/2022\/10\/logo-consultoria-data-4.png\" alt=\"logo-consultoria-data-4\" itemprop=\"image\"\/>\n\t\t\n","protected":false},"excerpt":{"rendered":"<p>Nosotros Tecnolog\u00eda &amp; Talento Qui\u00e9nes Somos NF Remote Services es una empresa de consultor\u00eda de sistemas, establecida en Per\u00fa. Ofrecemos soluciones en sistemas de informaci\u00f3n con tecnolog\u00eda Oracle. \u00a0 Diferentes empresas nacionales e internacionales han confiado en nuestra experiencia para completar con \u00e9xito sus proyectos de innovaci\u00f3n tecnol\u00f3gica. Contactenos Gente que confia en nosotros Nuestros &hellip;<\/p>\n<p class=\"read-more\"> <a class=\"\" href=\"https:\/\/nfremser.com\/index.php\/about-us\/\"> <span class=\"screen-reader-text\">About Us<\/span> Read More &raquo;<\/a><\/p>\n","protected":false},"author":1,"featured_media":0,"parent":0,"menu_order":0,"comment_status":"closed","ping_status":"closed","template":"","meta":{"site-sidebar-layout":"no-sidebar","site-content-layout":"page-builder","ast-global-header-display":"","ast-main-header-display":"","ast-hfb-above-header-display":"","ast-hfb-below-header-display":"","ast-hfb-mobile-header-display":"","site-post-title":"disabled","ast-breadcrumbs-content":"","ast-featured-img":"disabled","footer-sml-layout":"","theme-transparent-header-meta":"","adv-header-id-meta":"","stick-header-meta":"","header-above-stick-meta":"","header-main-stick-meta":"","header-below-stick-meta":"","footnotes":""},"class_list":["post-37","page","type-page","status-publish","hentry"],"_links":{"self":[{"href":"https:\/\/nfremser.com\/index.php\/wp-json\/wp\/v2\/pages\/37","targetHints":{"allow":["GET"]}}],"collection":[{"href":"https:\/\/nfremser.com\/index.php\/wp-json\/wp\/v2\/pages"}],"about":[{"href":"https:\/\/nfremser.com\/index.php\/wp-json\/wp\/v2\/types\/page"}],"author":[{"embeddable":true,"href":"https:\/\/nfremser.com\/index.php\/wp-json\/wp\/v2\/users\/1"}],"replies":[{"embeddable":true,"href":"https:\/\/nfremser.com\/index.php\/wp-json\/wp\/v2\/comments?post=37"}],"version-history":[{"count":6,"href":"https:\/\/nfremser.com\/index.php\/wp-json\/wp\/v2\/pages\/37\/revisions"}],"predecessor-version":[{"id":573,"href":"https:\/\/nfremser.com\/index.php\/wp-json\/wp\/v2\/pages\/37\/revisions\/573"}],"wp:attachment":[{"href":"https:\/\/nfremser.com\/index.php\/wp-json\/wp\/v2\/media?parent=37"}],"curies":[{"name":"wp","href":"https:\/\/api.w.org\/{rel}","templated":true}]}}